{"id":114,"date":"2025-08-19T13:16:07","date_gmt":"2025-08-19T13:16:07","guid":{"rendered":"http:\/\/sempatiagacevleri.com\/?page_id=114"},"modified":"2025-08-19T13:16:07","modified_gmt":"2025-08-19T13:16:07","slug":"kadin-haklari-ve-cinsiyet-esitligi-politikasi","status":"publish","type":"page","link":"http:\/\/sempatiagacevleri.com\/index.php\/avlak\/kadin-haklari-ve-cinsiyet-esitligi-politikasi\/","title":{"rendered":"KADIN HAKLARI VE C\u0130NS\u0130YET E\u015e\u0130TL\u0130\u011e\u0130 POL\u0130T\u0130KASI"},"content":{"rendered":"<p>\u0130\u015fletmemizde cinsiyet e\u015fitli\u011fine \u00f6nem veririz.<\/p>\n<ul>\n<li>Cinsiyett fark\u0131 g\u00f6zetmeksizin t\u00fcm \u00e7al\u0131\u015fanlar\u0131m\u0131z\u0131n sa\u011fl\u0131k, g\u00fcvenlik ve refahlar\u0131n\u0131 sa\u011flar\u0131z.<\/li>\n<li>Kad\u0131nlar\u0131n i\u015f g\u00fcc\u00fcne kat\u0131l\u0131m\u0131n\u0131 t\u00fcm departmanlar\u0131m\u0131zda destekler, e\u015fit f\u0131rsatlar sunar\u0131z.<\/li>\n<li>Cinsiyet ayr\u0131m\u0131 yapmadan \u00abe\u015fit i\u015fe e\u015fit \u00fccret\u00bb politikas\u0131 ile hareket ederiz.<\/li>\n<li>E\u015fitlik ilkesi g\u00f6zetilerek g\u00f6rev da\u011f\u0131l\u0131m\u0131 yapar\u0131z.<\/li>\n<li>Kariyer f\u0131rsatlar\u0131ndan e\u015fit d\u00fczeyde faydalan\u0131lmas\u0131 i\u00e7in gerekli ortam\u0131 sa\u011flar\u0131z.<\/li>\n<li>E\u011fitim politikalar\u0131 olu\u015fturur, kad\u0131nlar\u0131n kat\u0131l\u0131m\u0131na ve fark\u0131ndal\u0131\u011f\u0131n artmas\u0131na destek oluruz.<\/li>\n<li>\u0130\u015f-aile ya\u015fam dengesini koruyan \u00e7al\u0131\u015fma ortam\u0131 ve uygulamalar\u0131n\u0131 olu\u015ftururuz.<\/li>\n<li>Kad\u0131nlar\u0131n \u015firket y\u00f6netiminde olmalar\u0131 i\u00e7in destek verir, e\u015fit f\u0131rsatlar sunar\u0131z.<\/li>\n<li>Kad\u0131nlar\u0131n hi\u00e7bir \u015fekilde istismar, taciz, ayr\u0131mc\u0131l\u0131k, bast\u0131r\u0131lma, zorlama, iftira vb. durumlara maruz kalmas\u0131na m\u00fcsaade etmeyiz. D\u00fcnyaya ve kurumumuza katt\u0131klar\u0131 de\u011ferin daima fark\u0131nda olur ve varl\u0131klar\u0131n\u0131 destekleriz.<\/li>\n<\/ul>\n","protected":false},"excerpt":{"rendered":"<p>\u0130\u015fletmemizde cinsiyet e\u015fitli\u011fine \u00f6nem veririz. Cinsiyett fark\u0131 g\u00f6zetmeksizin t\u00fcm \u00e7al\u0131\u015fanlar\u0131m\u0131z\u0131n sa\u011fl\u0131k, g\u00fcvenlik ve refahlar\u0131n\u0131 sa\u011flar\u0131z. Kad\u0131nlar\u0131n i\u015f g\u00fcc\u00fcne kat\u0131l\u0131m\u0131n\u0131 t\u00fcm departmanlar\u0131m\u0131zda destekler, e\u015fit f\u0131rsatlar sunar\u0131z. Cinsiyet ayr\u0131m\u0131 yapmadan \u00abe\u015fit i\u015fe e\u015fit \u00fccret\u00bb politikas\u0131 ile hareket ederiz. E\u015fitlik ilkesi g\u00f6zetilerek g\u00f6rev da\u011f\u0131l\u0131m\u0131 yapar\u0131z. Kariyer f\u0131rsatlar\u0131ndan e\u015fit d\u00fczeyde faydalan\u0131lmas\u0131 i\u00e7in gerekli ortam\u0131 sa\u011flar\u0131z. E\u011fitim politikalar\u0131 olu\u015fturur, kad\u0131nlar\u0131n [&hellip;]<\/p>\n","protected":false},"author":1,"featured_media":0,"parent":97,"menu_order":0,"comment_status":"closed","ping_status":"closed","template":"","meta":{"_kadence_starter_templates_imported_post":false,"footnotes":""},"class_list":["post-114","page","type-page","status-publish","hentry"],"_links":{"self":[{"href":"http:\/\/sempatiagacevleri.com\/index.php\/wp-json\/wp\/v2\/pages\/114","targetHints":{"allow":["GET"]}}],"collection":[{"href":"http:\/\/sempatiagacevleri.com\/index.php\/wp-json\/wp\/v2\/pages"}],"about":[{"href":"http:\/\/sempatiagacevleri.com\/index.php\/wp-json\/wp\/v2\/types\/page"}],"author":[{"embeddable":true,"href":"http:\/\/sempatiagacevleri.com\/index.php\/wp-json\/wp\/v2\/users\/1"}],"replies":[{"embeddable":true,"href":"http:\/\/sempatiagacevleri.com\/index.php\/wp-json\/wp\/v2\/comments?post=114"}],"version-history":[{"count":1,"href":"http:\/\/sempatiagacevleri.com\/index.php\/wp-json\/wp\/v2\/pages\/114\/revisions"}],"predecessor-version":[{"id":115,"href":"http:\/\/sempatiagacevleri.com\/index.php\/wp-json\/wp\/v2\/pages\/114\/revisions\/115"}],"up":[{"embeddable":true,"href":"http:\/\/sempatiagacevleri.com\/index.php\/wp-json\/wp\/v2\/pages\/97"}],"wp:attachment":[{"href":"http:\/\/sempatiagacevleri.com\/index.php\/wp-json\/wp\/v2\/media?parent=114"}],"curies":[{"name":"wp","href":"https:\/\/api.w.org\/{rel}","templated":true}]}}