{"id":131,"date":"2025-09-02T14:59:27","date_gmt":"2025-09-02T14:59:27","guid":{"rendered":"http:\/\/sempatiagacevleri.com\/?page_id=131"},"modified":"2025-09-02T15:02:40","modified_gmt":"2025-09-02T15:02:40","slug":"sempati-agac-evleri-davranis-kurallari","status":"publish","type":"page","link":"http:\/\/sempatiagacevleri.com\/index.php\/sempati-agac-evleri-davranis-kurallari\/","title":{"rendered":"Sempati A\u011fa\u00e7 Evleri Davran\u0131\u015f Kurallar\u0131"},"content":{"rendered":"<p>Sempati A\u011fa\u00e7 Evleri Davran\u0131\u015f Kurallar\u0131 i\u00e7in a\u015fa\u011f\u0131ya t\u0131klay\u0131n.<\/p>\n<p><a href=\"http:\/\/sempatiagacevleri.com\/wp-content\/uploads\/2025\/09\/Sempati-Agac-Evleri-Davranis-Kurallari-1.docx\">Sempati A\u011fa\u00e7 Evleri Davran\u0131\u015f Kurallar\u0131 (1)<\/a><\/p>\n","protected":false},"excerpt":{"rendered":"<p>Sempati A\u011fa\u00e7 Evleri Davran\u0131\u015f Kurallar\u0131 i\u00e7in a\u015fa\u011f\u0131ya t\u0131klay\u0131n. Sempati A\u011fa\u00e7 Evleri Davran\u0131\u015f Kurallar\u0131 (1)<\/p>\n","protected":false},"author":1,"featured_media":0,"parent":0,"menu_order":0,"comment_status":"closed","ping_status":"closed","template":"","meta":{"_kadence_starter_templates_imported_post":false,"footnotes":""},"class_list":["post-131","page","type-page","status-publish","hentry"],"_links":{"self":[{"href":"http:\/\/sempatiagacevleri.com\/index.php\/wp-json\/wp\/v2\/pages\/131","targetHints":{"allow":["GET"]}}],"collection":[{"href":"http:\/\/sempatiagacevleri.com\/index.php\/wp-json\/wp\/v2\/pages"}],"about":[{"href":"http:\/\/sempatiagacevleri.com\/index.php\/wp-json\/wp\/v2\/types\/page"}],"author":[{"embeddable":true,"href":"http:\/\/sempatiagacevleri.com\/index.php\/wp-json\/wp\/v2\/users\/1"}],"replies":[{"embeddable":true,"href":"http:\/\/sempatiagacevleri.com\/index.php\/wp-json\/wp\/v2\/comments?post=131"}],"version-history":[{"count":3,"href":"http:\/\/sempatiagacevleri.com\/index.php\/wp-json\/wp\/v2\/pages\/131\/revisions"}],"predecessor-version":[{"id":155,"href":"http:\/\/sempatiagacevleri.com\/index.php\/wp-json\/wp\/v2\/pages\/131\/revisions\/155"}],"wp:attachment":[{"href":"http:\/\/sempatiagacevleri.com\/index.php\/wp-json\/wp\/v2\/media?parent=131"}],"curies":[{"name":"wp","href":"https:\/\/api.w.org\/{rel}","templated":true}]}}