{"id":135,"date":"2025-09-02T14:59:27","date_gmt":"2025-09-02T14:59:27","guid":{"rendered":"http:\/\/sempatiagacevleri.com\/?page_id=135"},"modified":"2025-09-02T15:06:00","modified_gmt":"2025-09-02T15:06:00","slug":"surdurulebilir-satin-alma-politikasi","status":"publish","type":"page","link":"http:\/\/sempatiagacevleri.com\/index.php\/surdurulebilir-satin-alma-politikasi\/","title":{"rendered":"S\u00dcRD\u00dcR\u00dcLEB\u0130L\u0130R SATIN ALMA POL\u0130T\u0130KASI"},"content":{"rendered":"<p>SEMPAT\u0130 A\u011eA\u00c7 EVLER\u0130 S\u00dcRD\u00dcR\u00dcLEB\u0130L\u0130R SATIN ALMA POL\u0130TIKASI \u0130\u00c7\u0130N A\u015eA\u011eIYA TIKLAYIN<\/p>\n<p><a href=\"http:\/\/sempatiagacevleri.com\/wp-content\/uploads\/2025\/09\/SURDURULEBILIR-SATIN-ALMA-POLITIKASI.docx\">SURDURULEBILIR SATIN ALMA POLITIKASI<\/a><\/p>\n","protected":false},"excerpt":{"rendered":"<p>SEMPAT\u0130 A\u011eA\u00c7 EVLER\u0130 S\u00dcRD\u00dcR\u00dcLEB\u0130L\u0130R SATIN ALMA POL\u0130TIKASI \u0130\u00c7\u0130N A\u015eA\u011eIYA TIKLAYIN SURDURULEBILIR SATIN ALMA POLITIKASI<\/p>\n","protected":false},"author":1,"featured_media":0,"parent":0,"menu_order":0,"comment_status":"closed","ping_status":"closed","template":"","meta":{"_kadence_starter_templates_imported_post":false,"footnotes":""},"class_list":["post-135","page","type-page","status-publish","hentry"],"_links":{"self":[{"href":"http:\/\/sempatiagacevleri.com\/index.php\/wp-json\/wp\/v2\/pages\/135","targetHints":{"allow":["GET"]}}],"collection":[{"href":"http:\/\/sempatiagacevleri.com\/index.php\/wp-json\/wp\/v2\/pages"}],"about":[{"href":"http:\/\/sempatiagacevleri.com\/index.php\/wp-json\/wp\/v2\/types\/page"}],"author":[{"embeddable":true,"href":"http:\/\/sempatiagacevleri.com\/index.php\/wp-json\/wp\/v2\/users\/1"}],"replies":[{"embeddable":true,"href":"http:\/\/sempatiagacevleri.com\/index.php\/wp-json\/wp\/v2\/comments?post=135"}],"version-history":[{"count":3,"href":"http:\/\/sempatiagacevleri.com\/index.php\/wp-json\/wp\/v2\/pages\/135\/revisions"}],"predecessor-version":[{"id":162,"href":"http:\/\/sempatiagacevleri.com\/index.php\/wp-json\/wp\/v2\/pages\/135\/revisions\/162"}],"wp:attachment":[{"href":"http:\/\/sempatiagacevleri.com\/index.php\/wp-json\/wp\/v2\/media?parent=135"}],"curies":[{"name":"wp","href":"https:\/\/api.w.org\/{rel}","templated":true}]}}