{"id":136,"date":"2025-09-02T14:59:27","date_gmt":"2025-09-02T14:59:27","guid":{"rendered":"http:\/\/sempatiagacevleri.com\/?page_id=136"},"modified":"2025-09-02T15:06:31","modified_gmt":"2025-09-02T15:06:31","slug":"tablo-1-risk-analizi-tablosu","status":"publish","type":"page","link":"http:\/\/sempatiagacevleri.com\/index.php\/tablo-1-risk-analizi-tablosu\/","title":{"rendered":"Tablo 1 &#8211; Risk Analizi Tablosu"},"content":{"rendered":"<p>Sempati A\u011fa\u00e7 Evleri Tablo 1 &#8211; Risk Analizi Tablosu i\u00e7in a\u015fa\u011f\u0131ya t\u0131klay\u0131n.<\/p>\n<p><a href=\"http:\/\/sempatiagacevleri.com\/wp-content\/uploads\/2025\/09\/Tablo-1-Risk-Analizi-Tablosu.xlsx\">Tablo 1 &#8211; Risk Analizi Tablosu<\/a><\/p>\n","protected":false},"excerpt":{"rendered":"<p>Sempati A\u011fa\u00e7 Evleri Tablo 1 &#8211; Risk Analizi Tablosu i\u00e7in a\u015fa\u011f\u0131ya t\u0131klay\u0131n. Tablo 1 &#8211; Risk Analizi Tablosu<\/p>\n","protected":false},"author":1,"featured_media":0,"parent":0,"menu_order":0,"comment_status":"closed","ping_status":"closed","template":"","meta":{"_kadence_starter_templates_imported_post":false,"footnotes":""},"class_list":["post-136","page","type-page","status-publish","hentry"],"_links":{"self":[{"href":"http:\/\/sempatiagacevleri.com\/index.php\/wp-json\/wp\/v2\/pages\/136","targetHints":{"allow":["GET"]}}],"collection":[{"href":"http:\/\/sempatiagacevleri.com\/index.php\/wp-json\/wp\/v2\/pages"}],"about":[{"href":"http:\/\/sempatiagacevleri.com\/index.php\/wp-json\/wp\/v2\/types\/page"}],"author":[{"embeddable":true,"href":"http:\/\/sempatiagacevleri.com\/index.php\/wp-json\/wp\/v2\/users\/1"}],"replies":[{"embeddable":true,"href":"http:\/\/sempatiagacevleri.com\/index.php\/wp-json\/wp\/v2\/comments?post=136"}],"version-history":[{"count":2,"href":"http:\/\/sempatiagacevleri.com\/index.php\/wp-json\/wp\/v2\/pages\/136\/revisions"}],"predecessor-version":[{"id":164,"href":"http:\/\/sempatiagacevleri.com\/index.php\/wp-json\/wp\/v2\/pages\/136\/revisions\/164"}],"wp:attachment":[{"href":"http:\/\/sempatiagacevleri.com\/index.php\/wp-json\/wp\/v2\/media?parent=136"}],"curies":[{"name":"wp","href":"https:\/\/api.w.org\/{rel}","templated":true}]}}