{"id":172,"date":"2025-09-02T15:12:36","date_gmt":"2025-09-02T15:12:36","guid":{"rendered":"http:\/\/sempatiagacevleri.com\/?page_id=172"},"modified":"2025-09-02T15:26:30","modified_gmt":"2025-09-02T15:26:30","slug":"surdurulebilirlik","status":"publish","type":"page","link":"http:\/\/sempatiagacevleri.com\/index.php\/surdurulebilirlik\/","title":{"rendered":"S\u00fcrd\u00fcr\u00fclebilirlik"},"content":{"rendered":"\t\t<div data-elementor-type=\"wp-post\" data-elementor-id=\"172\" class=\"elementor elementor-172\">\n\t\t\t\t<div class=\"elementor-element elementor-element-9c173d9 e-flex e-con-boxed e-con e-parent\" data-id=\"9c173d9\" data-element_type=\"container\">\n\t\t\t\t\t<div class=\"e-con-inner\">\n\t\t\t\t<div class=\"elementor-element elementor-element-ae146fd elementor-widget elementor-widget-link-in-bio\" data-id=\"ae146fd\" data-element_type=\"widget\" data-widget_type=\"link-in-bio.default\">\n\t\t\t\t<div class=\"elementor-widget-container\">\n\t\t\t\t\t\t\t<div class=\"e-link-in-bio e-link-in-bio\">\n\t\t\t<div class=\"e-link-in-bio__content\">\n\n\t\t\t\t\t\t<div class=\"e-link-in-bio__identity\">\n\t\t\t\t\t\t\t\t\t<div class=\"e-link-in-bio__identity-image e-link-in-bio__identity-image-cover\">\n\t\t\t\t\t\t\t<img fetchpriority=\"high\" decoding=\"async\" width=\"300\" height=\"249\" src=\"http:\/\/sempatiagacevleri.com\/wp-content\/uploads\/2025\/08\/WhatsApp-Image-2025-08-18-at-10.30.05-4-e1755603683487-300x249.jpeg\" class=\"e-link-in-bio__identity-image-element\" alt=\"\" srcset=\"http:\/\/sempatiagacevleri.com\/wp-content\/uploads\/2025\/08\/WhatsApp-Image-2025-08-18-at-10.30.05-4-e1755603683487-300x249.jpeg 300w, http:\/\/sempatiagacevleri.com\/wp-content\/uploads\/2025\/08\/WhatsApp-Image-2025-08-18-at-10.30.05-4-e1755603683487.jpeg 736w\" sizes=\"(max-width: 300px) 100vw, 300px\" \/>\t\t\t\t\t\t\t\t\t\t\t\t\t<\/div>\n\t\t\t\t\t\t\t<\/div>\n\t\t\t\t\t<div class=\"e-link-in-bio__bio\">\n\t\t\t\t<h2 class=\"e-link-in-bio__heading\">S\u00fcrd\u00fcr\u00fclebilirlik<\/h2>\t\t\t\t<h3 class=\"e-link-in-bio__title\">Sempati A\u011fa\u00e7 Evleri<\/h3>\t\t\t\t\t\t\t\t<p class=\"e-link-in-bio__description\">S\u00fcrd\u00fcr\u00fclebilirlik \u00c7al\u0131\u015fmalar\u0131m\u0131z<\/p>\t\t\t<\/div>\n\t\t\t\t\t<div class=\"e-link-in-bio__icons has-size-small\">\n\t\t\t\t\t\t\t<div class=\"e-link-in-bio__icon is-size-small\">\n\t\t\t\t\t<a aria-label=\"WhatsApp\" class=\"e-link-in-bio__icon-link\" href=\"https:\/\/wa.me\/+90542783202\">\n\t\t\t\t\t\t<span class=\"e-link-in-bio__icon-svg\">\n\t\t\t\t\t\t\t<svg aria-hidden=\"true\" class=\"e-font-icon-svg e-fab-whatsapp\" viewBox=\"0 0 448 512\" xmlns=\"http:\/\/www.w3.org\/2000\/svg\"><path d=\"M380.9 97.1C339 55.1 283.2 32 223.9 32c-122.4 0-222 99.6-222 222 0 39.1 10.2 77.3 29.6 111L0 480l117.7-30.9c32.4 17.7 68.9 27 106.1 27h.1c122.3 0 224.1-99.6 224.1-222 0-59.3-25.2-115-67.1-157zm-157 341.6c-33.2 0-65.7-8.9-94-25.7l-6.7-4-69.8 18.3L72 359.2l-4.4-7c-18.5-29.4-28.2-63.3-28.2-98.2 0-101.7 82.8-184.5 184.6-184.5 49.3 0 95.6 19.2 130.4 54.1 34.8 34.9 56.2 81.2 56.1 130.5 0 101.8-84.9 184.6-186.6 184.6zm101.2-138.2c-5.5-2.8-32.8-16.2-37.9-18-5.1-1.9-8.8-2.8-12.5 2.8-3.7 5.6-14.3 18-17.6 21.8-3.2 3.7-6.5 4.2-12 1.4-32.6-16.3-54-29.1-75.5-66-5.7-9.8 5.7-9.1 16.3-30.3 1.8-3.7.9-6.9-.5-9.7-1.4-2.8-12.5-30.1-17.1-41.2-4.5-10.8-9.1-9.3-12.5-9.5-3.2-.2-6.9-.2-10.6-.2-3.7 0-9.7 1.4-14.8 6.9-5.1 5.6-19.4 19-19.4 46.3 0 27.3 19.9 53.7 22.6 57.4 2.8 3.7 39.1 59.7 94.8 83.8 35.2 15.2 49 16.5 66.6 13.9 10.7-1.6 32.8-13.4 37.4-26.4 4.6-13 4.6-24.1 3.2-26.4-1.3-2.5-5-3.9-10.5-6.6z\"><\/path><\/svg>\t\t\t\t\t\t<\/span>\n\t\t\t\t\t\t\t\t\t\t\t<\/a>\n\t\t\t\t<\/div>\n\t\t\t\t\t<\/div>\n\t\t\n\t\t<div class=\"e-link-in-bio__ctas has-type-button\">\n\t\t\t\t\t\t\t<a href=\"http:\/\/sempatiagacevleri.com\/index.php\/avlak\/\" target=\"_blank\" rel=\"noopener \" class=\"e-link-in-bio__cta is-type-button has-corners-rounded\">\n\t\t\t\t\t\t\t\t\t\t<span class=\"e-link-in-bio__cta-text\">\n\t\t\t\t\t\tAvlak Haritas\u0131 ve Mu\u011fla Biyolojik \u00c7e\u015fitlilik\t\t\t\t\t<\/span>\n\t\t\t\t<\/a>\n\t\t\t\t\t\t\t<a href=\"http:\/\/sempatiagacevleri.com\/index.php\/surdurulebilirlik\/cocuk-haklari-politikasi\/\" target=\"_blank\" rel=\"noopener \" class=\"e-link-in-bio__cta is-type-button has-corners-rounded\">\n\t\t\t\t\t\t\t\t\t\t<span class=\"e-link-in-bio__cta-text\">\n\t\t\t\t\t\t\u00c7OCUK HAKLARI POL\u0130T\u0130KASI\t\t\t\t\t<\/span>\n\t\t\t\t<\/a>\n\t\t\t\t\t\t\t<a href=\"http:\/\/sempatiagacevleri.com\/index.php\/surdurulebilirlik\/cevre-koruma-ve-atik-yonetimi-politikasi\/\" target=\"_blank\" rel=\"noopener \" class=\"e-link-in-bio__cta is-type-button has-corners-rounded\">\n\t\t\t\t\t\t\t\t\t\t<span class=\"e-link-in-bio__cta-text\">\n\t\t\t\t\t\t\u00c7EVRE KORUMA VE ATIK Y\u00d6NET\u0130M\u0130 POL\u0130T\u0130KASI\t\t\t\t\t<\/span>\n\t\t\t\t<\/a>\n\t\t\t\t\t\t\t<a href=\"http:\/\/sempatiagacevleri.com\/index.php\/surdurulebilirlik\/kadin-haklari-ve-cinsiyet-esitligi-politikasi\/\" target=\"_blank\" rel=\"noopener \" class=\"e-link-in-bio__cta is-type-button has-corners-rounded\">\n\t\t\t\t\t\t\t\t\t\t<span class=\"e-link-in-bio__cta-text\">\n\t\t\t\t\t\tKADIN HAKLARI VE C\u0130NS\u0130YET E\u015e\u0130TL\u0130\u011e\u0130 POL\u0130T\u0130KASI\t\t\t\t\t<\/span>\n\t\t\t\t<\/a>\n\t\t\t\t\t\t\t<a href=\"http:\/\/sempatiagacevleri.com\/index.php\/surdurulebilirlik\/enerji-verimliligi-politikasi\/\" target=\"_blank\" rel=\"noopener \" class=\"e-link-in-bio__cta is-type-button has-corners-rounded\">\n\t\t\t\t\t\t\t\t\t\t<span class=\"e-link-in-bio__cta-text\">\n\t\t\t\t\t\tENERJ\u0130 VER\u0130ML\u0130L\u0130\u011e\u0130 POL\u0130T\u0130KASI\t\t\t\t\t<\/span>\n\t\t\t\t<\/a>\n\t\t\t\t\t\t\t<a href=\"http:\/\/sempatiagacevleri.com\/index.php\/sempati-agac-evleri-davranis-kurallari\/\" target=\"_blank\" rel=\"noopener \" class=\"e-link-in-bio__cta is-type-button has-corners-rounded\">\n\t\t\t\t\t\t\t\t\t\t<span class=\"e-link-in-bio__cta-text\">\n\t\t\t\t\t\tSempati A\u011fa\u00e7 Evleri Davran\u0131\u015f Kurallar\u0131\t\t\t\t\t<\/span>\n\t\t\t\t<\/a>\n\t\t\t\t\t\t\t<a href=\"http:\/\/sempatiagacevleri.com\/index.php\/personel-listesi\/\" target=\"_blank\" rel=\"noopener \" class=\"e-link-in-bio__cta is-type-button has-corners-rounded\">\n\t\t\t\t\t\t\t\t\t\t<span class=\"e-link-in-bio__cta-text\">\n\t\t\t\t\t\tPersonel Listesi\t\t\t\t\t<\/span>\n\t\t\t\t<\/a>\n\t\t\t\t\t\t\t<a href=\"http:\/\/sempatiagacevleri.com\/index.php\/su-analizi\/\" target=\"_blank\" rel=\"noopener \" class=\"e-link-in-bio__cta is-type-button has-corners-rounded\">\n\t\t\t\t\t\t\t\t\t\t<span class=\"e-link-in-bio__cta-text\">\n\t\t\t\t\t\tSu Analizi\t\t\t\t\t<\/span>\n\t\t\t\t<\/a>\n\t\t\t\t\t\t\t<a href=\"http:\/\/sempatiagacevleri.com\/index.php\/surdurulebilir-satin-alma-politikasi\/\" target=\"_blank\" rel=\"noopener \" class=\"e-link-in-bio__cta is-type-button has-corners-rounded\">\n\t\t\t\t\t\t\t\t\t\t<span class=\"e-link-in-bio__cta-text\">\n\t\t\t\t\t\tS\u00dcRD\u00dcR\u00dcLEB\u0130L\u0130R SATIN ALMA POL\u0130T\u0130KASI\t\t\t\t\t<\/span>\n\t\t\t\t<\/a>\n\t\t\t\t\t\t\t<a href=\"http:\/\/sempatiagacevleri.com\/index.php\/tablo-1-risk-analizi-tablosu\/\" target=\"_blank\" rel=\"noopener \" class=\"e-link-in-bio__cta is-type-button has-corners-rounded\">\n\t\t\t\t\t\t\t\t\t\t<span class=\"e-link-in-bio__cta-text\">\n\t\t\t\t\t\tTablo 1 \u2013 Risk Analizi Tablosu\t\t\t\t\t<\/span>\n\t\t\t\t<\/a>\n\t\t\t\t\t\t\t<a href=\"http:\/\/sempatiagacevleri.com\/index.php\/tablo-2-hedefler-tablosu\/\" target=\"_blank\" rel=\"noopener \" class=\"e-link-in-bio__cta is-type-button has-corners-rounded\">\n\t\t\t\t\t\t\t\t\t\t<span class=\"e-link-in-bio__cta-text\">\n\t\t\t\t\t\tTablo 2 \u2013 Hedefler Tablosu\t\t\t\t\t<\/span>\n\t\t\t\t<\/a>\n\t\t\t\t\t\t\t<a href=\"http:\/\/sempatiagacevleri.com\/index.php\/tablo-3-uygunluk-yukumlulukleri-listesi-2\/\" target=\"_blank\" rel=\"noopener \" class=\"e-link-in-bio__cta is-type-button has-corners-rounded\">\n\t\t\t\t\t\t\t\t\t\t<span class=\"e-link-in-bio__cta-text\">\n\t\t\t\t\t\tTablo 3- Uygunluk Y\u00fck\u00fcml\u00fcl\u00fckleri Listesi (2)\t\t\t\t\t<\/span>\n\t\t\t\t<\/a>\n\t\t\t\t\t<\/div>\n\t\t\n\t\t\t<\/div>\n\t\t\t<div class=\"e-link-in-bio__bg\">\n\t\t\t\t<div class=\"e-link-in-bio__bg-overlay\"><\/div>\n\t\t\t<\/div>\n\t\t<\/div>\n\t\t\t\t\t\t<\/div>\n\t\t\t\t<\/div>\n\t\t\t\t\t<\/div>\n\t\t\t\t<\/div>\n\t\t\t\t<\/div>\n\t\t","protected":false},"excerpt":{"rendered":"<p>S\u00fcrd\u00fcr\u00fclebilirlik Sempati A\u011fa\u00e7 Evleri S\u00fcrd\u00fcr\u00fclebilirlik \u00c7al\u0131\u015fmalar\u0131m\u0131z Avlak Haritas\u0131 ve Mu\u011fla Biyolojik \u00c7e\u015fitlilik \u00c7OCUK HAKLARI POL\u0130T\u0130KASI \u00c7EVRE KORUMA VE ATIK Y\u00d6NET\u0130M\u0130 POL\u0130T\u0130KASI KADIN HAKLARI VE C\u0130NS\u0130YET E\u015e\u0130TL\u0130\u011e\u0130 POL\u0130T\u0130KASI ENERJ\u0130 VER\u0130ML\u0130L\u0130\u011e\u0130 POL\u0130T\u0130KASI Sempati A\u011fa\u00e7 Evleri Davran\u0131\u015f Kurallar\u0131 Personel Listesi Su Analizi S\u00dcRD\u00dcR\u00dcLEB\u0130L\u0130R SATIN ALMA POL\u0130T\u0130KASI Tablo 1 \u2013 Risk Analizi Tablosu Tablo 2 \u2013 Hedefler Tablosu Tablo [&hellip;]<\/p>\n","protected":false},"author":1,"featured_media":0,"parent":0,"menu_order":0,"comment_status":"closed","ping_status":"closed","template":"","meta":{"_kadence_starter_templates_imported_post":false,"footnotes":""},"class_list":["post-172","page","type-page","status-publish","hentry"],"_links":{"self":[{"href":"http:\/\/sempatiagacevleri.com\/index.php\/wp-json\/wp\/v2\/pages\/172","targetHints":{"allow":["GET"]}}],"collection":[{"href":"http:\/\/sempatiagacevleri.com\/index.php\/wp-json\/wp\/v2\/pages"}],"about":[{"href":"http:\/\/sempatiagacevleri.com\/index.php\/wp-json\/wp\/v2\/types\/page"}],"author":[{"embeddable":true,"href":"http:\/\/sempatiagacevleri.com\/index.php\/wp-json\/wp\/v2\/users\/1"}],"replies":[{"embeddable":true,"href":"http:\/\/sempatiagacevleri.com\/index.php\/wp-json\/wp\/v2\/comments?post=172"}],"version-history":[{"count":5,"href":"http:\/\/sempatiagacevleri.com\/index.php\/wp-json\/wp\/v2\/pages\/172\/revisions"}],"predecessor-version":[{"id":178,"href":"http:\/\/sempatiagacevleri.com\/index.php\/wp-json\/wp\/v2\/pages\/172\/revisions\/178"}],"wp:attachment":[{"href":"http:\/\/sempatiagacevleri.com\/index.php\/wp-json\/wp\/v2\/media?parent=172"}],"curies":[{"name":"wp","href":"https:\/\/api.w.org\/{rel}","templated":true}]}}