{"id":97,"date":"2025-08-19T11:36:55","date_gmt":"2025-08-19T11:36:55","guid":{"rendered":"http:\/\/sempatiagacevleri.com\/?page_id=97"},"modified":"2025-09-02T15:24:48","modified_gmt":"2025-09-02T15:24:48","slug":"avlak","status":"publish","type":"page","link":"http:\/\/sempatiagacevleri.com\/index.php\/avlak\/","title":{"rendered":"Avlak Haritas\u0131 ve Mu\u011fla Biyolojik \u00c7e\u015fitlilik"},"content":{"rendered":"<p><a href=\"https:\/\/bolge4.tarimorman.gov.tr\/Documents\/MU%C4%9ELA%20%C4%B0L%C4%B0%20B%C4%B0YOLOJ%C4%B0K%20%C3%87E%C5%9E%C4%B0TL%C4%B0L%C4%B0K%20ENVANTER%20VE%20%C4%B0ZLEME%20PROJES%C4%B0.pdf\">MU\u011eLA \u0130L\u0130\u2019N\u0130N KARASAL VE \u0130\u00c7SU EKOS\u0130STEMLER\u0130 B\u0130YOLOJ\u0130K \u00c7E\u015e\u0130TL\u0130L\u0130K ENVANTER VE \u0130ZLEME PROJES\u0130 \u0130ZLENECEK T\u00dcRLER VE \u00d6ZELL\u0130KL\u0130 ALANLAR HAKKINDA B\u0130LG\u0130 ALMAK \u0130\u00c7\u0130N TIKLAYIN<\/a><\/p>\n<p><a href=\"http:\/\/sempatiagacevleri.com\/wp-content\/uploads\/2025\/08\/avlak-haritasi.pdf\">AVLAK HAR\u0130TASI HAKKINDA B\u0130LG\u0130 ALMAK \u0130\u00c7\u0130N TIKLAYIN<\/a><\/p>\n","protected":false},"excerpt":{"rendered":"<p>MU\u011eLA \u0130L\u0130\u2019N\u0130N KARASAL VE \u0130\u00c7SU EKOS\u0130STEMLER\u0130 B\u0130YOLOJ\u0130K \u00c7E\u015e\u0130TL\u0130L\u0130K ENVANTER VE \u0130ZLEME PROJES\u0130 \u0130ZLENECEK T\u00dcRLER VE \u00d6ZELL\u0130KL\u0130 ALANLAR HAKKINDA B\u0130LG\u0130 ALMAK \u0130\u00c7\u0130N TIKLAYIN AVLAK HAR\u0130TASI HAKKINDA B\u0130LG\u0130 ALMAK \u0130\u00c7\u0130N TIKLAYIN<\/p>\n","protected":false},"author":1,"featured_media":0,"parent":0,"menu_order":0,"comment_status":"closed","ping_status":"closed","template":"","meta":{"_kadence_starter_templates_imported_post":false,"footnotes":""},"class_list":["post-97","page","type-page","status-publish","hentry"],"_links":{"self":[{"href":"http:\/\/sempatiagacevleri.com\/index.php\/wp-json\/wp\/v2\/pages\/97","targetHints":{"allow":["GET"]}}],"collection":[{"href":"http:\/\/sempatiagacevleri.com\/index.php\/wp-json\/wp\/v2\/pages"}],"about":[{"href":"http:\/\/sempatiagacevleri.com\/index.php\/wp-json\/wp\/v2\/types\/page"}],"author":[{"embeddable":true,"href":"http:\/\/sempatiagacevleri.com\/index.php\/wp-json\/wp\/v2\/users\/1"}],"replies":[{"embeddable":true,"href":"http:\/\/sempatiagacevleri.com\/index.php\/wp-json\/wp\/v2\/comments?post=97"}],"version-history":[{"count":7,"href":"http:\/\/sempatiagacevleri.com\/index.php\/wp-json\/wp\/v2\/pages\/97\/revisions"}],"predecessor-version":[{"id":128,"href":"http:\/\/sempatiagacevleri.com\/index.php\/wp-json\/wp\/v2\/pages\/97\/revisions\/128"}],"wp:attachment":[{"href":"http:\/\/sempatiagacevleri.com\/index.php\/wp-json\/wp\/v2\/media?parent=97"}],"curies":[{"name":"wp","href":"https:\/\/api.w.org\/{rel}","templated":true}]}}